{"id":263,"date":"2024-01-25T17:26:19","date_gmt":"2024-01-25T16:26:19","guid":{"rendered":"https:\/\/ra-woicke.de\/?page_id=263"},"modified":"2024-01-26T15:44:09","modified_gmt":"2024-01-26T14:44:09","slug":"agb-erstberatung-fluggastrecht","status":"publish","type":"page","link":"https:\/\/ra-woicke.de\/?page_id=263","title":{"rendered":"AGB Erstberatung"},"content":{"rendered":"\n<p>Diese Allgemeinen Gesch\u00e4ftsbedingungen (AGB) regeln die \u00fcber unsere Seiten ra-woicke.de bzw. kanzlei-woicke.de initiierte Erstberatung in fluggastrechtlichen Angelegenheiten. <\/p>\n\n\n\n<p><\/p>\n\n\n\n<ol class=\"wp-block-list\">\n<li>&#8222;Wir&#8220;, &#8222;uns&#8220; etc. &#8211; das ist die Kanzlei Woicke von Rechtsanwalt Jan-C\u00e9sar Woicke gem. <a href=\"https:\/\/ra-woicke.de\/?page_id=96\" data-type=\"page\" data-id=\"96\" target=\"_blank\" rel=\"noreferrer noopener\">Impressum<\/a>. <\/li>\n\n\n\n<li>Wir bieten die Erstberatung in fluggastrechtlichen Angelegenheiten insbesondere auf elektronischem Wege an. F\u00fcr Ihre Anfrage stellen wir auf unseren Webseiten Formulare zur Verf\u00fcgung. Au\u00dferdem haben Sie die M\u00f6glichkeit, insbesondere durch Anklicken eines entsprechenden Links, uns Ihre Anfrage per E-Mail zu \u00fcbermitteln. <\/li>\n\n\n\n<li>Indem Sie uns Ihre Anfrage per E-Mail oder eines unserer Formulare \u00fcbermitteln, willigen Sie ein, dass wir die uns \u00fcbermittelten Daten ausschlie\u00dflich zum Zwecke der Erstberatung speichern. Auf unsere <a href=\"https:\/\/ra-woicke.de\/?page_id=155\" data-type=\"page\" data-id=\"155\">Datenschutzerkl\u00e4rung<\/a> wird verwiesen. Nutzen Sie hierf\u00fcr eines unserer Formulare, m\u00fcssen Sie best\u00e4tigen, dass wir Ihre Daten zu diesem Zweck speichern d\u00fcrfen und Sie unsere Datenschutzerkl\u00e4rung zur Kenntnis nehmen konnten, um das Formular abzusenden. <\/li>\n\n\n\n<li>Ihre Anfrage stellt das Angebot dar, von uns eine fluggastrechtliche Erstberatung zu erhalten. Deren Annahme durch uns kann ausdr\u00fccklich erfolgen oder in Form der angefragten Erstberatung. <\/li>\n\n\n\n<li>Die \u00fcber unsere Formulare oder per E-Mail angefragte Erstberatung erfolgt per E-Mail. Sie willigen mit der entsprechenden Anfrage ein, Ihre Erstberatung per E-Mail zu erhalten. <\/li>\n\n\n\n<li>Au\u00dferdem bieten wir die M\u00f6glichkeit einer fluggastrechtlichen Erstberatung durch telefonischen R\u00fcckruf. Hierf\u00fcr akzeptieren wir lediglich inl\u00e4ndische Anschl\u00fcsse. Unser R\u00fcckrufservice erfordert, dass Sie uns Ihre Rufnummer mitteilen, unter der wir Sie zur\u00fcckrufen sollen, sowie die Erkl\u00e4rung Ihrer Bereitschaft oder auch Ablehnung, zu einem sp\u00e4teren Zeitpunkt zur\u00fcckgerufen zu werden, sollten wir Sie nicht sofort zur\u00fcckrufen k\u00f6nnen. <\/li>\n\n\n\n<li>Auch f\u00fcr den R\u00fcckrufservice stellen wir Ihnen ein Formular zur Verf\u00fcgung. Sie haben die M\u00f6glichkeit, uns zur Vorbereitung auf das Telefonat stichpunktartig den zu bewertenden Sachverhalt mitzuteilen. Es gilt sinngem\u00e4\u00df, was wir unter 3. zum Schutz Ihrer Daten vereinbaren.<\/li>\n\n\n\n<li>In der Anforderung eines R\u00fcckrufs liegt Ihr Angebot, eine fluggastrechtliche Erstberatung zu erhalten. Dessen Annahme ist mangels Kenntnis des zu bewertenden Sachverhalts noch nicht darin zu sehen, dass wir Sie zur\u00fcckrufen. Diese erfolgt erst im Rahmen des Telefonats, indem wir Sie fluggastrechtlich beraten.<\/li>\n\n\n\n<li>Die telefonische oder elektronische Erstberatung per E-Mail erfolgt in der Regel kostenlos. &#8222;In der Regel kostenlos&#8220; bedeutet hier, dass Ihre Anfrage auf die Beantwortung typischer fluggastrechtlicher Vorg\u00e4nge gerichtet ist. <\/li>\n\n\n\n<li>K\u00f6nnen wir Ihre Anfrage zum Fluggastrecht ausnahmsweise nicht kostenlos im Rahmen der Erstberatung beantworten, teilen wir Ihnen dies vorab mit, indem wir die Beantwortung Ihrer Anfrage entweder ablehnen, Ihnen die zu erwartenden Kosten Ihrer Erstberatung nennen oder Ihnen den Vorschlag f\u00fcr eine Honorarvereinbarung machen. <a href=\"https:\/\/www.gesetze-im-internet.de\/rvg\/__34.html\" target=\"_blank\" rel=\"noreferrer noopener\">\u00a7 34 Abs. 1 S. 3 RVG<\/a>, wonach die Kosten gegen\u00fcber Verbrauchern f\u00fcr ein erstes Beratungsgespr\u00e4ch gedeckelt sind, bleibt hiervon unber\u00fchrt. <\/li>\n\n\n\n<li>Keine kostenlose Erstberatung erfolgt insbesondere bei atypischen Anfragen. Atypisch sind Anfragen zum Fluggastrecht, deren Beantwortung besonders umfangreich oder aufw\u00e4ndig ist. Dasselbe gilt f\u00fcr eine Mehrzahl gleichgelagerter Anfragen zum Fluggastrecht durch eine Person oder einen Personenkreis. <\/li>\n\n\n\n<li>In jedem Fall gilt f\u00fcr Ihre \u00fcber unsere Webseiten angefragte Erstberatung, dass diese f\u00fcr Sie kostenlos erfolgt, au\u00dfer in dem Fall, dass wir Ihnen mitteilen, die Erstberatung lediglich kostenpflichtig durchzuf\u00fchren, und Sie anschlie\u00dfend erkl\u00e4ren, damit einverstanden zu sein.<\/li>\n\n\n\n<li>Keine dieser Regelungen kann so ausgelegt werden, dass wir zur Beantwortung Ihrer Anfrage &#8211; kostenlos oder nicht &#8211; verpflichtet w\u00e4ren.<\/li>\n\n\n\n<li>Wir bem\u00fchen uns, Ihre Anfrage so schnell wie m\u00f6glich zu beantworten. Wir k\u00f6nnen aber keine Zeitspanne garantieren, innerhalb der wir Ihre Anfrage beantworten, sofern wir Ihnen die Beantwortung Ihrer Anfrage nicht zugesichert haben.<\/li>\n\n\n\n<li>Keine Antwort auf Ihre Anfrage ist nicht als Erkl\u00e4rung aufzufassen, dass wir Ihre Anfrage beantworten werden. <\/li>\n\n\n\n<li>Bis zur Beantwortung Ihrer Anfrage k\u00f6nnen Sie Ihr Angebot, eine fluggastrechtliche Erstberatung zu erhalten, jederzeit zur\u00fccknehmen. <\/li>\n<\/ol>\n","protected":false},"excerpt":{"rendered":"<p>Diese Allgemeinen Gesch\u00e4ftsbedingungen (AGB) regeln die \u00fcber unsere Seiten ra-woicke.de bzw. kanzlei-woicke.de initiierte Erstberatung in fluggastrechtlichen Angelegenheiten.<\/p>\n","protected":false},"author":1,"featured_media":0,"parent":0,"menu_order":0,"comment_status":"closed","ping_status":"closed","template":"","meta":{"footnotes":""},"class_list":["post-263","page","type-page","status-publish","hentry"],"_links":{"self":[{"href":"https:\/\/ra-woicke.de\/index.php?rest_route=\/wp\/v2\/pages\/263","targetHints":{"allow":["GET"]}}],"collection":[{"href":"https:\/\/ra-woicke.de\/index.php?rest_route=\/wp\/v2\/pages"}],"about":[{"href":"https:\/\/ra-woicke.de\/index.php?rest_route=\/wp\/v2\/types\/page"}],"author":[{"embeddable":true,"href":"https:\/\/ra-woicke.de\/index.php?rest_route=\/wp\/v2\/users\/1"}],"replies":[{"embeddable":true,"href":"https:\/\/ra-woicke.de\/index.php?rest_route=%2Fwp%2Fv2%2Fcomments&post=263"}],"version-history":[{"count":5,"href":"https:\/\/ra-woicke.de\/index.php?rest_route=\/wp\/v2\/pages\/263\/revisions"}],"predecessor-version":[{"id":320,"href":"https:\/\/ra-woicke.de\/index.php?rest_route=\/wp\/v2\/pages\/263\/revisions\/320"}],"wp:attachment":[{"href":"https:\/\/ra-woicke.de\/index.php?rest_route=%2Fwp%2Fv2%2Fmedia&parent=263"}],"curies":[{"name":"wp","href":"https:\/\/api.w.org\/{rel}","templated":true}]}}