{"id":576,"date":"2024-01-29T21:12:25","date_gmt":"2024-01-29T20:12:25","guid":{"rendered":"https:\/\/ra-woicke.de\/?page_id=576"},"modified":"2024-02-09T15:12:22","modified_gmt":"2024-02-09T14:12:22","slug":"artikel-2-begriffsbestimmungen","status":"publish","type":"page","link":"https:\/\/ra-woicke.de\/?page_id=576","title":{"rendered":"Artikel 2 &#8211; Begriffsbestimmungen"},"content":{"rendered":"\n<p class=\"has-small-font-size\">Im Sinne dieser Verordnung bezeichnet der Ausdruck<\/p>\n\n\n\n<p class=\"has-small-font-size\">a) &#8222;Luftfahrtunternehmen&#8220; ein Lufttransportunternehmen mit einer g\u00fcltigen Betriebsgenehmigung;<\/p>\n\n\n\n<p class=\"has-small-font-size\">b) &#8222;ausf\u00fchrendes Luftfahrtunternehmen&#8220; ein Luftfahrtunternehmen, das im Rahmen eines Vertrags mit einem Fluggast oder im Namen einer anderen &#8211; juristischen oder nat\u00fcrlichen &#8211; Person, die mit dem betreffenden Fluggast in einer Vertragsbeziehung steht, einen Flug durchf\u00fchrt oder durchzuf\u00fchren beabsichtigt;<\/p>\n\n\n\n<p class=\"has-small-font-size\">c) &#8222;Luftfahrtunternehmen der Gemeinschaft&#8220; ein Luftfahrtunternehmen mit einer g\u00fcltigen Betriebsgenehmigung, die von einem Mitgliedstaat gem\u00e4\u00df der Verordnung (EWG) Nr. 2407\/92 des Rates vom 23. Juli 1992 \u00fcber die Erteilung von Betriebsgenehmigungen an Luftfahrtunternehmen(5) erteilt wurde;<\/p>\n\n\n\n<p class=\"has-small-font-size\">d) &#8222;Reiseunternehmen&#8220; einen Veranstalter im Sinne von Artikel 2 Nummer 2 der Richtlinie 90\/314\/EWG des Rates vom 13. Juni 1990 \u00fcber Pauschalreisen(6), mit Ausnahme von Luftfahrtunternehmen;<\/p>\n\n\n\n<p class=\"has-small-font-size\">e) &#8222;Pauschalreise&#8220; die in Artikel 2 Nummer 1 der Richtlinie 90\/314\/EWG definierten Leistungen;<\/p>\n\n\n\n<p class=\"has-small-font-size\">f) &#8222;Flugschein&#8220; ein g\u00fcltiges, einen Anspruch auf Bef\u00f6rderungsleistung begr\u00fcndendes Dokument oder eine gleichwertige papierlose, auch elektronisch ausgestellte Berechtigung, das bzw. die von dem Luftfahrtunternehmen oder dessen zugelassenem Vermittler ausgegeben oder genehmigt wurde;<\/p>\n\n\n\n<p class=\"has-small-font-size\">g) &#8222;Buchung&#8220; den Umstand, dass der Fluggast \u00fcber einen Flugschein oder einen anderen Beleg verf\u00fcgt, aus dem hervorgeht, dass die Buchung von dem Luftfahrtunternehmen oder dem Reiseunternehmen akzeptiert und registriert wurde;<\/p>\n\n\n\n<p class=\"has-small-font-size\">h) &#8222;Endziel&#8220; den Zielort auf dem am Abfertigungsschalter vorgelegten Flugschein bzw. bei direkten Anschlussfluegen den Zielort des letzten Fluges; verf\u00fcgbare alternative Anschlussfluege bleiben unber\u00fccksichtigt, wenn die planm\u00e4\u00dfige Ankunftszeit eingehalten wird;<\/p>\n\n\n\n<p class=\"has-small-font-size\">i) &#8222;Person mit eingeschr\u00e4nkter Mobilit\u00e4t&#8220; eine Person, deren Mobilit\u00e4t bei der Benutzung von Bef\u00f6rderungsmitteln aufgrund einer k\u00f6rperlichen Behinderung (sensorischer oder motorischer Art, dauerhaft oder vor\u00fcbergehend), einer geistigen Beeintr\u00e4chtigung, ihres Alters oder aufgrund anderer Behinderungen eingeschr\u00e4nkt ist und deren Zustand besondere Unterst\u00fctzung und eine Anpassung der allen Flugg\u00e4sten bereitgestellten Dienstleistungen an die Bed\u00fcrfnisse dieser Person erfordert;<\/p>\n\n\n\n<p class=\"has-small-font-size\">j) &#8222;Nichtbef\u00f6rderung&#8220; die Weigerung, Flugg\u00e4ste zu bef\u00f6rdern, obwohl sie sich unter den in Artikel 3 Absatz 2 genannten Bedingungen am Flugsteig eingefunden haben, sofern keine vertretbaren Gr\u00fcnde f\u00fcr die Nichtbef\u00f6rderung gegeben sind, z. B. im Zusammenhang mit der Gesundheit oder der allgemeinen oder betrieblichen Sicherheit oder unzureichenden Reiseunterlagen;<\/p>\n\n\n\n<p class=\"has-small-font-size\">k) &#8222;Freiwilliger&#8220; eine Person, die sich unter den in Artikel 3 Absatz 2 genannten Bedingungen am Flugsteig eingefunden hat und dem Aufruf des Luftfahrtunternehmens nachkommt, gegen eine entsprechende Gegenleistung von ihrer Buchung zur\u00fcckzutreten;<\/p>\n\n\n\n<p class=\"has-small-font-size\">l) &#8222;Annullierung&#8220; die Nichtdurchf\u00fchrung eines geplanten Fluges, f\u00fcr den zumindest ein Platz reserviert war.<\/p>\n\n\n\n<h2 class=\"wp-block-heading\">Buchst. b &#8211; ausf\u00fchrendes Luftfahrtunternehmen<\/h2>\n\n\n\n<h3 class=\"wp-block-heading\">Entscheidung, Flug durchzuf\u00fchren<\/h3>\n\n\n\n<p>Fluggesellschaft ist ausf\u00fchrendes Luftfahrtunternehmen, wenn es<em> &#8222;im Rahmen seiner T\u00e4tigkeit der Bef\u00f6rderung von Flugg\u00e4sten die Entscheidung trifft, einen bestimmten Flug durchzuf\u00fchren \u2013 die Festlegung seiner Flugroute und Flugzeit eingeschlossen \u2013 und dadurch ein an Interessierte gerichtetes Angebot f\u00fcr den Luftverkehr zu schaffen&#8220;<\/em>; <a href=\"https:\/\/ra-woicke.de\/?p=570\" data-type=\"post\" data-id=\"570\" target=\"_blank\" rel=\"noreferrer noopener\">EuGH, Beschluss v. 10. M\u00e4rz 2023, C\u2011607\/22, Rn. 18<\/a>. Entsprechend ist das Luftfahrtunternehmen <em>nicht<\/em> ausf\u00fchrendes Luftfahrtunternehmen i.S.d. VO, wenn es nie vorhatte, einen bestimmten Flug durchzuf\u00fchren. Hiervon zu unterscheiden ist der Fall, dass das Luftfahrunternehmen sp\u00e4ter seinen Plan, einen solchen Flug durchzuf\u00fchren, aufgibt oder ab\u00e4ndert. In dem Fall bleibt es ausf\u00fchrendes Luftfahrtunternehmen hinsichtlich der urspr\u00fcnglichen Fluglanung; <a href=\"https:\/\/ra-woicke.de\/?p=570\" data-type=\"post\" data-id=\"570\" target=\"_blank\" rel=\"noreferrer noopener\">EuGH, Beschluss v. 10. M\u00e4rz 2023, C\u2011607\/22, Rn. 20<\/a>.<\/p>\n\n\n\n<pre class=\"wp-block-verse\"><em>\"ein Luftfahrtunternehmen [kann]nnicht als 'ausf\u00fchrendes Luftfahrtunternehmen' im Sinne dieser Bestimmung eingestuft werden [...], wenn der Fluggast mit einem Reiseunternehmen einen Vertrag \u00fcber einen bestimmten, durch Flugnummer und Datum konkretisierten Flug dieses Luftfahrtunternehmens geschlossen hat, ohne dass das Unternehmen je einen Flug mit dieser Nummer an diesem Tag geplant hat; es kann aber als 'ausf\u00fchrendes Luftfahrtunternehmen' im Sinne dieser Bestimmung angesehen werden, wenn es ein \u2013 gegebenenfalls sp\u00e4ter von ihm ge\u00e4ndertes \u2013 Angebot unterbreitet hat\"<\/em>;  <a href=\"https:\/\/ra-woicke.de\/?p=570\" data-type=\"post\" data-id=\"570\" target=\"_blank\" rel=\"noreferrer noopener\">EuGH, Beschluss v. 10. M\u00e4rz 2023, C\u2011607\/22<\/a>.<\/pre>\n\n\n\n<h3 class=\"wp-block-heading\">Flugversprechen des Reiseunternehmens macht Airline zum &#8222;ausf\u00fchrenden Luftfahrtunternehmen&#8220; im Verh\u00e4ltnis zum Fluggast<\/h3>\n\n\n\n<p>Ausf\u00fchrendes Luftfahrtunternehmen i.S.d. Bestimmung ist die Fluggesellschaft auch dann, wenn ein Reiseunternehmen einen Vertrag mit dem Fluggast f\u00fcr einen bestimmten Flug dieser Airline abgeschlossen hat. Das gilt selbst dann, wenn das Luftfahrtunternehmen die Flugzeiten nicht best\u00e4tigt und das Reiseunternehmen gar keine Buchung f\u00fcr den Fluggast vorgenommen hat. Sofern das Luftfahrtunternehmen also einen bestimmten Flug zu irgendeinem Zeitpunkt plante, reicht der Umstand, dass ein Reiseunternehmen einem Fluggast verspricht, diesen Flug nutzen zu k\u00f6nnen, damit das entsprechende Luftfahrtunternehmen als &#8222;ausf\u00fchrend&#8220; i.s.d. Bestimmung gilt; <a href=\"https:\/\/ra-woicke.de\/?p=905\" data-type=\"post\" data-id=\"905\" target=\"_blank\" rel=\"noreferrer noopener\">EuGH, Urteil v. 21. Dezember 2021, C\u2011146\/20, C\u2011188\/20, C\u2011196\/20 und C\u2011270\/20<\/a>. Also insbesondere auch dann, wenn das Luftfahrtunternehmen seine Flugplanung l\u00e4ngst aufgegeben oder ge\u00e4ndert hat. <\/p>\n\n\n\n<pre class=\"wp-block-verse\"><em>\"Art. 2 Buchst. b der Verordnung Nr. 261\/2004 [ist] dahin auszulegen ist, dass ein Luftfahrtunternehmen im Verh\u00e4ltnis zu einem Fluggast als 'ausf\u00fchrendes Luftfahrtunternehmen\u201c' im Sinne dieser Bestimmung eingestuft werden kann, wenn der Fluggast mit einem Reiseunternehmen einen Vertrag f\u00fcr einen bestimmten Flug dieses Luftfahrtunternehmens geschlossen hat, ohne dass das Luftfahrtunternehmen die Flugzeiten best\u00e4tigt hat und ohne dass das Reiseunternehmen bei dem Luftfahrtunternehmen eine Buchung f\u00fcr den Fluggast vorgenommen hat\"<\/em>; <a href=\"https:\/\/ra-woicke.de\/?p=905\" data-type=\"post\" data-id=\"905\" target=\"_blank\" rel=\"noreferrer noopener\">EuGH, Urteil v. 21. Dezember 2021, C\u2011146\/20, C\u2011188\/20, C\u2011196\/20 und C\u2011270\/20<\/a>.<\/pre>\n\n\n\n<h2 class=\"wp-block-heading\">Buchst. h &#8211; Endziel<\/h2>\n\n\n\n<h3 class=\"wp-block-heading\">Direkte Anschlussfl\u00fcge<\/h3>\n\n\n\n<p>Der Begriff &#8218;direkte Anschlussfl\u00fcge&#8216; meint eine Mehrzahl an Fl\u00fcgen, die f\u00fcr die Anspr\u00fcche aus der VO eine Gesamtheit darstellen. Eine solche Gesamtheit liegt vor, wenn zwei oder mehr Fl\u00fcge Gegenstand einer einzigen Buchung sind; <a href=\"https:\/\/ra-woicke.de\/?p=590\" data-type=\"post\" data-id=\"590\" target=\"_blank\" rel=\"noreferrer noopener\">EuGH, Urteil v. 6. Oktober 2022, C\u2011436\/21, Rn. 20.<\/a> Eine besondere rechtliche Beziehung zwischen den beteiligten ausf\u00fchrenden Luftfahrtunternehmen ist hierf\u00fcr nicht erforderlich; <a href=\"https:\/\/ra-woicke.de\/?p=590\" data-type=\"post\" data-id=\"590\" target=\"_blank\" rel=\"noreferrer noopener\">EuGH, Urteil v. 6. Oktober 2022, C\u2011436\/21, Rn. 28<\/a>. Es reicht daher im Ergebnis aus, dass mehrere Fl\u00fcge von einem Reiseb\u00fcro auf einem einheitlichen Flugschein zusammengefasst werden und hierf\u00fcr ein Gesamtpreis aufgerufen wird; <a href=\"https:\/\/ra-woicke.de\/?p=590\" data-type=\"post\" data-id=\"590\" target=\"_blank\" rel=\"noreferrer noopener\">EuGH, Urteil v. 6. Oktober 2022, C\u2011436\/21, Rn. 31<\/a>.<\/p>\n\n\n\n<pre class=\"wp-block-verse\"><em>\"der Begriff \u201edirekte Anschlussfl\u00fcge\u201c [erfasst] einen Bef\u00f6rderungsvorgang [...], der aus mehreren Fl\u00fcgen besteht, die von unterschiedlichen, nicht durch eine besondere rechtliche Beziehung miteinander verbundenen ausf\u00fchrenden Luftfahrtunternehmen durchgef\u00fchrt werden, wenn diese Fl\u00fcge von einem Reiseb\u00fcro zusammengefasst wurden, das f\u00fcr diesen Vorgang einen Gesamtpreis in Rechnung gestellt und einen einheitlichen Flugschein ausgegeben hat, so dass einem Fluggast, der auf einem Flughafen im Gebiet eines Mitgliedstaats einen Flug angetreten hat und bei der Ankunft am Zielort des letzten Fluges mit gro\u00dfer Versp\u00e4tung gelandet ist, der Ausgleichsanspruch nach Art. 7 dieser Verordnung zusteht\"<\/em>; <a href=\"https:\/\/ra-woicke.de\/?p=590\" data-type=\"post\" data-id=\"590\" target=\"_blank\" rel=\"noreferrer noopener\">EuGH, Urteil v. 6. Oktober 2022, C\u2011436\/21<\/a>.<\/pre>\n\n\n\n<h3 class=\"wp-block-heading\">Planmm\u00e4\u00dfige Ankunftszeit<\/h3>\n\n\n\n<p>Die planm\u00e4\u00dfige Abflugzeit kann sich aus &#8222;anderem Beleg&#8220; i.S.v. Buchst. g ergeben, den ein Reiseunternehmen dem Fluggast ausgestellt hat. Es kommt bei ihrer Bestimmung also nicht auf die aktuelle Planung des ausf\u00fchrenden Luftfahrtunternehmens an, sondern darauf, welche Abflugzeit dem betroffenen Fluggast mitgeteilt wurde; <a href=\"https:\/\/ra-woicke.de\/?p=905\" data-type=\"post\" data-id=\"905\" target=\"_blank\" rel=\"noreferrer noopener\">EuGH, Urteil v. 21. Dezember 2021, C\u2011146\/20, C\u2011188\/20, C\u2011196\/20 und C\u2011270\/20<\/a>.<\/p>\n\n\n\n<pre class=\"wp-block-verse\"><em>\"Art. 2 Buchst. h, Art. 5 Abs. 1 Buchst. c sowie Art. 7 Abs. 1 Satz 2 und Abs. 2 der Verordnung Nr. 261\/2004 dahin auszulegen sind, dass sich die planm\u00e4\u00dfige Ankunftszeit eines Fluges im Sinne dieser Bestimmungen f\u00fcr die Zwecke der Ausgleichszahlung gem\u00e4\u00df Art. 7 der Verordnung aus einem 'anderen Beleg' im Sinne von Art. 2 Buchst. g der Verordnung ergeben kann, den ein Reiseunternehmen einem Fluggast ausgestellt hat.\"<\/em>; <a href=\"https:\/\/ra-woicke.de\/?p=905\" data-type=\"post\" data-id=\"905\" target=\"_blank\" rel=\"noreferrer noopener\">EuGH, Urteil v. 21. Dezember 2021, C\u2011146\/20, C\u2011188\/20, C\u2011196\/20 und C\u2011270\/20<\/a>.<\/pre>\n\n\n\n<p>Bedeutung hat dies inbesondere, wenn das Reiseunternehmen dem Fluggast einen Flug verkauft hat, dessen Zeiten vom Luftfahrtunternehmen ge\u00e4ndert wurden. Die &#8222;planm\u00e4\u00dfige Ankunftszeit&#8220; ergibt sich in dem Fall nicht aus der aktuellen Flugplanung des Luftfahrtunternehmens, sondern aus dem, was das Reiseunternehmen dem Fluggast \u00fcber den &#8222;anderen Beleg&#8220; (m\u00f6glicherweise fehlerhaft) zugesichert hat. <\/p>\n\n\n\n<h2 class=\"wp-block-heading\" id=\"KommArt.2l\">Buchst. l &#8211; Annullierung<\/h2>\n\n\n\n<h3 class=\"wp-block-heading\">Verschiebung der Flugzeiten um mind. drei Stunden<\/h3>\n\n\n\n<p>Erst ab einer Verschiebung der Abflugzeit um wenigstens drei Stunden kann ein ansonsten unver\u00e4nderter Flug als annulliert i.S.d. VO angesehen werden; <a href=\"https:\/\/ra-woicke.de\/?p=885\" data-type=\"post\" data-id=\"885\" target=\"_blank\" rel=\"noreferrer noopener\">EuGH, Urteil v. 21. Dezember 2021, C\u2011395\/20<\/a>. Keinen Unterschied macht der Zeitpunkt der Ank\u00fcndigung der Abflugsverschiebung; <a href=\"https:\/\/ra-woicke.de\/?p=885\" data-type=\"post\" data-id=\"885\" target=\"_blank\" rel=\"noreferrer noopener\">EuGH, Urteil v. 21. Dezember 2021, C\u2011395\/20, Rn. 20.<\/a><\/p>\n\n\n\n<pre class=\"wp-block-verse\"><em>\"ein Flug [kann] nicht als 'annulliert' im Sinne dieser Bestimmungen angesehen werden [...], wenn das ausf\u00fchrende Luftfahrtunternehmen dessen Abflugzeit ohne sonstige \u00c4nderung des Fluges um weniger als drei Stunden verschiebt\"<\/em>; <a href=\"https:\/\/ra-woicke.de\/?p=885\" data-type=\"post\" data-id=\"885\" target=\"_blank\" rel=\"noreferrer noopener\">EuGH, Urteil v. 21. Dezember 2021, C\u2011395\/20<\/a>. \n<\/pre>\n\n\n\n<h3 class=\"wp-block-heading\">Vorverlegung der Flugzeiten um mehr als eine Stunde<\/h3>\n\n\n\n<p>Ebenfalls kann ein ansonsten unver\u00e4nderter Flug als annulliert i.S.d. VO angesehen werden, wenn die Abflugzeit um mehr als eine Stunde vorverlegt wird; <a href=\"https:\/\/ra-woicke.de\/?p=895\" data-type=\"post\" data-id=\"895\" target=\"_blank\" rel=\"noreferrer noopener\">EuGH, Urteil v. 21. Dezember 2021, C\u2011263\/20<\/a>. Eine Vorverlegung um weniger als eine Stunde f\u00fchrt also zu keinen Anspr\u00fcchen aus der VO &#8211; insbesondere auch nicht zur Pflicht der Airline, eine Ausgleichszahlung zu leisten. <\/p>\n\n\n\n<pre class=\"wp-block-verse\"><em>\"ein Flug [ist] als 'annulliert' zu betrachten [...], wenn das ausf\u00fchrende Luftfahrtunternehmen ihn um mehr als eine Stunde vorverlegt\"<\/em>; <a href=\"https:\/\/ra-woicke.de\/?p=895\" data-type=\"post\" data-id=\"895\" target=\"_blank\" rel=\"noreferrer noopener\">EuGH, Urteil v. 21. Dezember 2021, C\u2011263\/20<\/a>. Identisch: <a href=\"https:\/\/ra-woicke.de\/?p=905\" data-type=\"post\" data-id=\"905\">EuGH, Urteil v. 21. Dezember 2021, C\u2011146\/20, C\u2011188\/20, C\u2011196\/20 und C\u2011270\/20<\/a>. <\/pre>\n\n\n\n<h3 class=\"wp-block-heading\">Landung auf Ausweichflughafen<\/h3>\n\n\n\n<p>Endet der Flug auf einem anderen als dem gebuchten Zielflughafen, liegt grunds\u00e4tzlich eine Annullierung vor. Ausnahme:  der Ausweichflughafen bedient gem. <a href=\"https:\/\/ra-woicke.de\/?page_id=534\" data-type=\"page\" data-id=\"534\">Art. 8 Abs. 3<\/a> denselben Ort oder dieselbe Region;  <a href=\"https:\/\/ra-woicke.de\/?p=931\" data-type=\"post\" data-id=\"931\" target=\"_blank\" rel=\"noreferrer noopener\">EuGH, Beschluss v. 6. Oktober 2021, C\u2011253\/21<\/a>. <\/p>\n\n\n\n<pre class=\"wp-block-verse\"><em>\"ein Fluggast [hat] einen Ausgleichsanspruch wegen Annullierung [...], wenn sein Flug umgeleitet wurde und auf einem anderen als dem in der urspr\u00fcnglichen Buchung vorgesehenen Zielflughafen landet, der nicht denselben Ort, dieselbe Stadt oder dieselbe Region bedient\"<\/em>; <a href=\"https:\/\/ra-woicke.de\/?p=931\" data-type=\"post\" data-id=\"931\" target=\"_blank\" rel=\"noreferrer noopener\">EuGH, Beschluss v. 6. Oktober 2021, C\u2011253\/21<\/a>.<\/pre>\n\n\n\n<p>Relevanz: Entscheidung betrifft den Ausgleichsanspruch, ist jedoch f\u00fcr s\u00e4mltliche Anspr\u00fcche, die die VO f\u00fcr annullierte Fl\u00fcge vorsieht, insbesondere f\u00fcr jene auf Unterst\u00fctzung\/Betreuung gem. Art. 8 und 9, heranzuziehen. Zur Landung auf einem Ausweichflughafen, der dieselbe Stadt oder Region wie der planm\u00e4\u00dfige Zielflughafen bedient, vgl. Kommentierung zu <a href=\"https:\/\/ra-woicke.de\/?page_id=534\" data-type=\"page\" data-id=\"534\">Art. 8 Abs. 3<\/a>. <\/p>\n\n\n\n<h2 class=\"wp-block-heading\">Landung auf Ausweichflughafen am selben Ort, in derselben Stadt oder Region<\/h2>\n\n\n\n<p>Keine Annullierung liegt vor, wenn Flug statt auf dem planm\u00e4\u00dfigen auf einem anderen Flughafen endet, der allerdings denselben Ort, dieselbe Stadt oder Region bedient; <a href=\"https:\/\/ra-woicke.de\/?p=946\" data-type=\"post\" data-id=\"946\">EuGH, Urteil v. 22. April 2021, C-826\/19<\/a>. <\/p>\n\n\n\n<details class=\"wp-block-details is-layout-flow wp-block-details-is-layout-flow\"><summary>Beispiel:<\/summary>\n<p>Ein typisches Beispiel sind die Flugh\u00e4fen Charles-de-Gaulle und Orly, die beide die Stadt und den Gro\u00dfraum Paris bedienen.<\/p>\n<\/details>\n\n\n\n<p>Vgl. zum selben Ort, derselben Stadt oder Region die Kommentierung zu <a href=\"https:\/\/ra-woicke.de\/?page_id=534\" data-type=\"page\" data-id=\"534\">Art. 8 Abs. 3<\/a>. Das bedeutet aber nicht, dass betroffene Passagiere in einem solchen Fall rechtlos w\u00e4ren. Sie sind insbesondere kostenlos wahlweise an den planm\u00e4\u00dfigen Zielflughafen oder ein sonstiges nahegelegenes Ziel zu bef\u00f6rdern. Es kann zudem &#8211; letztlich aus Versp\u00e4tungsgesichtspunkten &#8211; ein Ausgleichsanspruch bestehen. N\u00e4mlich dann, wenn der Zeitverlust am (planm\u00e4\u00dfigen) Endziel drei Stunden oder mehr betr\u00e4gt. <\/p>\n\n\n\n<pre class=\"wp-block-verse\"><em>\"ein Fluggast [hat] keinen Ausgleichsanspruch wegen Annullierung [...], wenn sein Flug umgeleitet wurde und er auf einem Flughafen gelandet ist, der zwar nicht dem in der urspr\u00fcnglichen Buchung vorgesehenen Zielflughafen entspricht, aber denselben Ort, dieselbe Stadt oder dieselbe Region bedient. Der Fluggast eines zu einem Ausweichflughafen, der denselben Ort, dieselbe Stadt oder dieselbe Region wie der in der urspr\u00fcnglichen Buchung vorgesehene Zielflughafen bedient, umgeleiteten Fluges hat jedoch grunds\u00e4tzlich einen Ausgleichsanspruch nach dieser Verordnung, wenn er sein Endziel mindestens drei Stunden nach der vom ausf\u00fchrenden Luftfahrtunternehmen urspr\u00fcnglich vorgesehenen Ankunftszeit erreicht\"<\/em>; <a href=\"https:\/\/ra-woicke.de\/?p=946\" data-type=\"post\" data-id=\"946\">EuGH, Urteil v. 22. April 2021, C-826\/19<\/a>. <\/pre>\n","protected":false},"excerpt":{"rendered":"<p>Im Sinne dieser Verordnung bezeichnet der Ausdruck a) &#8222;Luftfahrtunternehmen&#8220; ein Lufttransportunternehmen mit einer g\u00fcltigen Betriebsgenehmigung; b) &#8222;ausf\u00fchrendes Luftfahrtunternehmen&#8220; ein Luftfahrtunternehmen, das im Rahmen eines Vertrags mit einem Fluggast oder im Namen einer anderen &#8211; juristischen oder nat\u00fcrlichen &#8211; Person, die mit dem betreffenden Fluggast in einer Vertragsbeziehung steht, einen Flug durchf\u00fchrt oder durchzuf\u00fchren beabsichtigt; c) &hellip; <\/p>\n<p class=\"link-more\"><a href=\"https:\/\/ra-woicke.de\/?page_id=576\" class=\"more-link\"><span class=\"screen-reader-text\">\u201eArtikel 2 &#8211; Begriffsbestimmungen\u201c<\/span> weiterlesen<\/a><\/p>\n","protected":false},"author":1,"featured_media":0,"parent":0,"menu_order":0,"comment_status":"closed","ping_status":"closed","template":"","meta":{"footnotes":""},"class_list":["post-576","page","type-page","status-publish","hentry"],"_links":{"self":[{"href":"https:\/\/ra-woicke.de\/index.php?rest_route=\/wp\/v2\/pages\/576","targetHints":{"allow":["GET"]}}],"collection":[{"href":"https:\/\/ra-woicke.de\/index.php?rest_route=\/wp\/v2\/pages"}],"about":[{"href":"https:\/\/ra-woicke.de\/index.php?rest_route=\/wp\/v2\/types\/page"}],"author":[{"embeddable":true,"href":"https:\/\/ra-woicke.de\/index.php?rest_route=\/wp\/v2\/users\/1"}],"replies":[{"embeddable":true,"href":"https:\/\/ra-woicke.de\/index.php?rest_route=%2Fwp%2Fv2%2Fcomments&post=576"}],"version-history":[{"count":14,"href":"https:\/\/ra-woicke.de\/index.php?rest_route=\/wp\/v2\/pages\/576\/revisions"}],"predecessor-version":[{"id":957,"href":"https:\/\/ra-woicke.de\/index.php?rest_route=\/wp\/v2\/pages\/576\/revisions\/957"}],"wp:attachment":[{"href":"https:\/\/ra-woicke.de\/index.php?rest_route=%2Fwp%2Fv2%2Fmedia&parent=576"}],"curies":[{"name":"wp","href":"https:\/\/api.w.org\/{rel}","templated":true}]}}