{"id":787,"date":"2024-02-02T16:09:37","date_gmt":"2024-02-02T15:09:37","guid":{"rendered":"https:\/\/ra-woicke.de\/?page_id=787"},"modified":"2024-02-03T12:39:26","modified_gmt":"2024-02-03T11:39:26","slug":"rueckruf-service","status":"publish","type":"page","link":"https:\/\/ra-woicke.de\/?page_id=787","title":{"rendered":"R\u00fcckruf-Service"},"content":{"rendered":"<p><div class=\"forminator-ui forminator-custom-form forminator-custom-form-791 forminator-design--material  forminator_ajax\" data-forminator-render=\"0\" data-form=\"forminator-module-791\" data-uid=\"69f4360982ba3\"><br\/><\/div><form\n\t\t\t\tid=\"forminator-module-791\"\n\t\t\t\tclass=\"forminator-ui forminator-custom-form forminator-custom-form-791 forminator-design--material  forminator_ajax\"\n\t\t\t\tmethod=\"post\"\n\t\t\t\tdata-forminator-render=\"0\"\n\t\t\t\tdata-form-id=\"791\"\n\t\t\t\t data-color-option=\"default\" data-design=\"material\" data-grid=\"open\" style=\"display: none;\"\n\t\t\t\tdata-uid=\"69f4360982ba3\"\n\t\t\t><div role=\"alert\" aria-live=\"polite\" class=\"forminator-response-message forminator-error\" aria-hidden=\"true\"><\/div><div role=\"tablist\" class=\"forminator-pagination-steps\" aria-label=\"Pagination\"><\/div><div\n\t\t\t\ttabindex=\"-1\"\n\t\t\t\trole=\"tabpanel\"\n\t\t\t\tid=\"forminator-custom-form-791--page-0\"\n\t\t\t\tclass=\"forminator-pagination forminator-pagination-start\"\n\t\t\t\taria-labelledby=\"forminator-custom-form-791--page-0-label\"\n\t\t\t\tdata-step=\"0\"\n\t\t\t\tdata-label=\"Abschlie\u00dfen\"\n\t\t\t\tdata-actual-label=\"Page 1\"\n\t\t\t\tdata-name=\"page-break-1\"\n\t\t\t><div class=\"forminator-pagination--content\"><div class=\"forminator-row\"><div id=\"name-1\" class=\"forminator-field-name forminator-col forminator-col-12 \"><div class=\"forminator-row forminator-no-margin\" data-multiple=\"true\"><div class=\"forminator-col forminator-col-md-6\"><div class=\"forminator-field\"><label for=\"forminator-field-first-name-1_69f4360982ba3\" id=\"forminator-field-first-name-1_69f4360982ba3-label\" class=\"forminator-label\">Vorname<\/label><input type=\"text\" name=\"name-1-first-name\" placeholder=\"z. B. Max\" id=\"forminator-field-first-name-1_69f4360982ba3\" class=\"forminator-input\" aria-required=\"false\" data-multi=\"1\" autocomplete=\"given-name\" value=\"\" \/><\/div><\/div><div class=\"forminator-col forminator-col-md-6\"><div class=\"forminator-field\"><label for=\"forminator-field-last-name-1_69f4360982ba3\" id=\"forminator-field-last-name-1_69f4360982ba3-label\" class=\"forminator-label\">Nachname <span class=\"forminator-required\">*<\/span><\/label><input type=\"text\" name=\"name-1-last-name\" placeholder=\"z. B. Mustermann\" id=\"forminator-field-last-name-1_69f4360982ba3\" class=\"forminator-input\" aria-required=\"true\" data-multi=\"1\" autocomplete=\"family-name\" value=\"\" \/><\/div><\/div><\/div><\/div><\/div><div class=\"forminator-row\"><div id=\"phone-1\" class=\"forminator-field-phone forminator-col forminator-col-12 \"><div class=\"forminator-field\"><label for=\"forminator-field-phone-1_69f4360982ba3\" id=\"forminator-field-phone-1_69f4360982ba3-label\" class=\"forminator-label\">Telefon <span class=\"forminator-required\">*<\/span><\/label><input type=\"text\" name=\"phone-1\" value=\"\" placeholder=\"z.\u00a0B.: +49 123 4567 89\" id=\"forminator-field-phone-1_69f4360982ba3\" class=\"forminator-input forminator-field--phone\" data-required=\"1\" aria-required=\"true\" autocomplete=\"off\" data-national_mode=\"enabled\" data-country=\"de\" data-validation=\"standard\" \/><\/div><\/div><\/div><\/div><\/div><div\n\t\t\t\ttabindex=\"-1\"\n\t\t\t\trole=\"tabpanel\"\n\t\t\t\tid=\"forminator-custom-form-791--page-1\"\n\t\t\t\tclass=\"forminator-pagination\"\n\t\t\t\taria-labelledby=\"forminator-custom-form-791--page-1-label\"\n\t\t\t\taria-hidden=\"true\"\n\t\t\t\tdata-step=\"1\"\n\t\t\t\tdata-label=\"Seite  1\"\n\t\t\t\tdata-actual-label=\"Page 2\"\n\t\t\t\tdata-name=\"page-break-2\"\n\t\t\t\thidden\n\t\t\t><div class=\"forminator-pagination--content\"><div class=\"forminator-row\"><div id=\"textarea-1\" class=\"forminator-field-textarea forminator-col forminator-col-12 \"><div class=\"forminator-field\"><label for=\"forminator-field-textarea-1_69f4360982ba3\" id=\"forminator-field-textarea-1_69f4360982ba3-label\" class=\"forminator-label\">Sachverhalt<\/label><textarea name=\"textarea-1\" placeholder=\"Sie haben die M\u00f6glichkeit, uns den zu besprechenden Sachverhalt stichpunktartig zu schildern, damit wir uns auf das Gespr\u00e4ch vorbereiten k\u00f6nnen.\" id=\"forminator-field-textarea-1_69f4360982ba3\" class=\"forminator-textarea\" rows=\"6\" style=\"--forminator-textarea-min-height:250px;\" ><\/textarea><\/div><\/div><\/div><\/div><\/div><div\n\t\t\t\ttabindex=\"-1\"\n\t\t\t\trole=\"tabpanel\"\n\t\t\t\tid=\"forminator-custom-form-791--page-2\"\n\t\t\t\tclass=\"forminator-pagination\"\n\t\t\t\taria-labelledby=\"forminator-custom-form-791--page-2-label\"\n\t\t\t\taria-hidden=\"true\"\n\t\t\t\tdata-step=\"2\"\n\t\t\t\tdata-label=\"Seite  2\"\n\t\t\t\tdata-actual-label=\"Page 3\"\n\t\t\t\tdata-name=\"page-break-3\"\n\t\t\t\thidden\n\t\t\t><div class=\"forminator-pagination--content\"><div class=\"forminator-row\"><div id=\"radio-1\" class=\"forminator-field-radio forminator-col forminator-col-12 \"><div role=\"radiogroup\" class=\"forminator-field\" aria-labelledby=\"forminator-radiogroup-radio-1-69f4360982ba3-label\"><span id=\"forminator-radiogroup-radio-1-69f4360982ba3-label\" class=\"forminator-label\">Sollen wir Sie, falls wir Sie nicht sofort zur\u00fcckrufen k\u00f6nnen, zu einem sp\u00e4teren Zeitpunkt kontaktieren? <span class=\"forminator-required\">*<\/span><\/span><label id=\"forminator-field-radio-1-label-1\" for=\"forminator-field-radio-1-1-69f4360982ba3\" class=\"forminator-radio\" title=\"Ja, bitte rufen Sie mich gerne sp\u00e4ter an!\"><input type=\"radio\" name=\"radio-1\" value=\"one\" id=\"forminator-field-radio-1-1-69f4360982ba3\" aria-labelledby=\"forminator-field-radio-1-label-1\" data-calculation=\"0\"   data-hidden-behavior=\"zero\"\/><span class=\"forminator-radio-bullet\" aria-hidden=\"true\"><\/span><span class=\"forminator-radio-label\">Ja, bitte rufen Sie mich gerne sp\u00e4ter an!<\/span><\/label><label id=\"forminator-field-radio-1-label-2\" for=\"forminator-field-radio-1-2-69f4360982ba3\" class=\"forminator-radio\" title=\"Nein, nur in den n\u00e4chsten 30 Minuten.\"><input type=\"radio\" name=\"radio-1\" value=\"two\" id=\"forminator-field-radio-1-2-69f4360982ba3\" aria-labelledby=\"forminator-field-radio-1-label-2\" data-calculation=\"0\"   data-hidden-behavior=\"zero\"\/><span class=\"forminator-radio-bullet\" aria-hidden=\"true\"><\/span><span class=\"forminator-radio-label\">Nein, nur in den n\u00e4chsten 30 Minuten.<\/span><\/label><\/div><\/div><\/div><\/div><\/div><div\n\t\t\t\ttabindex=\"-1\"\n\t\t\t\trole=\"tabpanel\"\n\t\t\t\tid=\"forminator-custom-form-791--page-3\"\n\t\t\t\tclass=\"forminator-pagination\"\n\t\t\t\taria-labelledby=\"forminator-custom-form-791--page-3-label\"\n\t\t\t\taria-hidden=\"true\"\n\t\t\t\tdata-step=\"3\"\n\t\t\t\tdata-label=\"Seite  3\"\n\t\t\t\tdata-actual-label=\"Page 4\"\n\t\t\t\tdata-name=\"\"\n\t\t\t\thidden\n\t\t\t><div class=\"forminator-pagination--content\"><div class=\"forminator-row\"><div id=\"consent-1\" class=\"forminator-field-consent forminator-col forminator-col-12 \"><div class=\"forminator-field\"><label for=\"forminator-field-consent-1_69f4360982ba3\" id=\"forminator-field-consent-1_69f4360982ba3-label\" class=\"forminator-label\">Zustimmung <span class=\"forminator-required\">*<\/span><\/label><div class=\"forminator-checkbox__wrapper\"><label id=\"forminator-field-consent-1_69f4360982ba3__label\" class=\"forminator-checkbox forminator-consent\"><input type=\"checkbox\" name=\"consent-1\" id=\"forminator-field-consent-1_69f4360982ba3\" value=\"checked\" aria-labelledby=\"forminator-field-consent-1_69f4360982ba3-label\" aria-describedby=\"forminator-field-consent-1_69f4360982ba3__description\" data-required=\"true\" aria-required=\"true\" \/><span class=\"forminator-checkbox-box\" aria-hidden=\"true\"><\/span><\/label><div id=\"forminator-field-consent-1_69f4360982ba3__description\" class=\"forminator-checkbox__label forminator-consent__label\"><p>Ich bitte um eine kostenlose Erstberatung zum Fluggastrecht, indem Sie mich unter der genannten Telefonnummer zur\u00fcckrufen. Ich bin damit einverstanden, dass Sie mich unter der mitgeteilten Rufnummer in den n\u00e4chsten 30 Minuten (oder auf Wunsch auch sp\u00e4ter) zur\u00fcckrufen. Auch bin ich damit einverstanden, dass Sie meine Ihnen mit meiner Anfrage \u00fcbermittelten Daten ausschlie\u00dflich zum Zwecke der Erstberatung speichern. Ihre <a rel=\"noopener\" target=\"_blank\" href=\"https:\/\/ra-woicke.de\/?page_id=155\">Datenschutzerkl\u00e4rung<\/a> konnte ich ebenso zur Kenntnis nehmen wie Ihre&nbsp;<a rel=\"noopener\" target=\"_blank\" href=\"https:\/\/ra-woicke.de\/?page_id=263\">AGB,<\/a>&nbsp;denen ich zustimme.<\/p><\/div><\/div><\/div><\/div><\/div><\/div><button class=\"forminator-button forminator-pagination-submit\" style=\"display: none;\" disabled><span class=\"forminator-button--mask\" aria-label=\"hidden\"><\/span><span class=\"forminator-button--text\">Nachricht senden<\/span><\/button><\/div><input type=\"hidden\" name=\"referer_url\" value=\"\" \/><input type=\"hidden\" id=\"forminator_nonce\" name=\"forminator_nonce\" value=\"1872d4f340\" \/><input type=\"hidden\" name=\"_wp_http_referer\" value=\"\/index.php?rest_route=%2Fwp%2Fv2%2Fpages%2F787\" \/><input type=\"hidden\" name=\"form_id\" value=\"791\"><input type=\"hidden\" name=\"page_id\" value=\"787\"><input type=\"hidden\" name=\"form_type\" value=\"default\"><input type=\"hidden\" name=\"current_url\" value=\"https:\/\/ra-woicke.de\/?page_id=787\"><input type=\"hidden\" name=\"render_id\" value=\"0\"><input type=\"hidden\" name=\"action\" value=\"forminator_submit_form_custom-forms\"><\/form><\/p>\n\n\n\n<figure class=\"wp-block-video\"><video height=\"1080\" style=\"aspect-ratio: 1920 \/ 1080;\" width=\"1920\" autoplay muted src=\"https:\/\/ra-woicke.de\/wp-content\/uploads\/2024\/02\/call.mp4\"><\/video><\/figure>\n","protected":false},"excerpt":{"rendered":"","protected":false},"author":1,"featured_media":0,"parent":277,"menu_order":0,"comment_status":"closed","ping_status":"closed","template":"","meta":{"footnotes":""},"class_list":["post-787","page","type-page","status-publish","hentry"],"_links":{"self":[{"href":"https:\/\/ra-woicke.de\/index.php?rest_route=\/wp\/v2\/pages\/787","targetHints":{"allow":["GET"]}}],"collection":[{"href":"https:\/\/ra-woicke.de\/index.php?rest_route=\/wp\/v2\/pages"}],"about":[{"href":"https:\/\/ra-woicke.de\/index.php?rest_route=\/wp\/v2\/types\/page"}],"author":[{"embeddable":true,"href":"https:\/\/ra-woicke.de\/index.php?rest_route=\/wp\/v2\/users\/1"}],"replies":[{"embeddable":true,"href":"https:\/\/ra-woicke.de\/index.php?rest_route=%2Fwp%2Fv2%2Fcomments&post=787"}],"version-history":[{"count":3,"href":"https:\/\/ra-woicke.de\/index.php?rest_route=\/wp\/v2\/pages\/787\/revisions"}],"predecessor-version":[{"id":805,"href":"https:\/\/ra-woicke.de\/index.php?rest_route=\/wp\/v2\/pages\/787\/revisions\/805"}],"up":[{"embeddable":true,"href":"https:\/\/ra-woicke.de\/index.php?rest_route=\/wp\/v2\/pages\/277"}],"wp:attachment":[{"href":"https:\/\/ra-woicke.de\/index.php?rest_route=%2Fwp%2Fv2%2Fmedia&parent=787"}],"curies":[{"name":"wp","href":"https:\/\/api.w.org\/{rel}","templated":true}]}}