{"id":96,"date":"2024-01-17T17:17:15","date_gmt":"2024-01-17T16:17:15","guid":{"rendered":"https:\/\/ra-woicke.de\/?page_id=96"},"modified":"2025-10-01T11:25:06","modified_gmt":"2025-10-01T09:25:06","slug":"impressum","status":"publish","type":"page","link":"https:\/\/ra-woicke.de\/?page_id=96","title":{"rendered":"Impressum"},"content":{"rendered":"\n<div class=\"wp-block-group\"><div class=\"wp-block-group__inner-container is-layout-constrained wp-block-group-is-layout-constrained\">\n<p>Rechtsanwalt<br>Jan-C\u00e9sar Woicke<\/p>\n\n\n\n<p style=\"line-height:1.5\">Sitz Zulassungskanzlei:<\/p>\n\n\n\n<p style=\"line-height:1.5\">Husstr. 119<br>12489 Berlin<\/p>\n\n\n\n<p style=\"line-height:1.5\">Sitz Zweigniederlassung:<\/p>\n\n\n\n<p style=\"line-height:1.5\">Freiheitstr. 124\/126<br>15745 Wildau<\/p>\n\n\n\n<p style=\"line-height:1.5\"><\/p>\n\n\n\n<p style=\"line-height:1.5\"><\/p>\n\n\n\n<p style=\"line-height:1.5\"><\/p>\n\n\n\n<p style=\"line-height:1.5\"><\/p>\n\n\n\n<p><\/p>\n\n\n\n<p><\/p>\n\n\n\n<p><\/p>\n\n\n\n<p style=\"line-height:1\">Tel.: 030 \/ 54 80 71 15<\/p>\n<\/div><\/div>\n\n\n\n<p style=\"line-height:1\">Fax: 030 \/ 54 80 71 17<\/p>\n\n\n\n<p style=\"line-height:1\"><a href=\"mailto:mail@ra-woicke.de\">mail@ra-woicke.de<\/a><\/p>\n\n\n\n<h2 class=\"wp-block-heading\">Berufsbezeichnung und zust\u00e4ndige Kammer<\/h2>\n\n\n\n<p>Rechtsanwalt Jan-C\u00e9sar Woicke ist nach dem Recht der Bundesrepublik Deutschland zugelassen und Mitglied der <a href=\"https:\/\/www.rak-berlin.de\/\" data-type=\"link\" data-id=\"https:\/\/www.rak-berlin.de\/\" target=\"_blank\" rel=\"noreferrer noopener\">Rechtsanwaltskammer Berlin<\/a>, Littenstr. 9, 10179 Berlin, <a href=\"mailto:info@rak-berlin.org\" target=\"_blank\" rel=\"noreferrer noopener\">info@rak-berlin.org<\/a>.<\/p>\n\n\n\n<h2 class=\"wp-block-heading\">Berufshaftpflichtversicherung<\/h2>\n\n\n\n<p>Ergo Versicherungs AG<br>ERGO-Platz 1<br>40477 D\u00fcsseldorf<\/p>\n\n\n\n<p>R\u00e4umlicher Geltungsbereich: im gesamten EU\u2010Gebiet und den Staaten des Abkommens \u00fcber den Europ\u00e4ischen Wirtschaftsraum.<\/p>\n\n\n\n<h2 class=\"wp-block-heading\">Berufsrechtliche Regelungen<\/h2>\n\n\n\n<p><\/p>\n\n\n\n<p>Es gelten die folgenden berufsrechtlichen Regelungen:<\/p>\n\n\n\n<ul class=\"wp-block-list\">\n<li>Bundesrechtsanwaltsordnung (BRAO)<\/li>\n\n\n\n<li>Berufsordnung (BORA)<\/li>\n\n\n\n<li>Fachanwaltsordnung (FAO)<\/li>\n\n\n\n<li>Rechtsanwaltsverg\u00fctungsgesetz (RVG)<\/li>\n\n\n\n<li>Berufsregeln der Rechtsanw\u00e4lte der Europ\u00e4ischen Union (CCBE)<\/li>\n<\/ul>\n\n\n\n<p>Die berufsrechtlichen Regelungen k\u00f6nnen \u00fcber die Homepage der Bundesrechtsanwaltskammer (<a href=\"https:\/\/www.brak.de\/anwaltschaft\/berufsrecht\/\" data-type=\"link\" data-id=\"https:\/\/www.brak.de\/anwaltschaft\/berufsrecht\/\" target=\"_blank\" rel=\"noreferrer noopener\">www.brak.de<\/a>) in der Rubrik \u201eBerufsrecht\u201c auf Deutsch und Englisch eingesehen und abgerufen werden.<\/p>\n\n\n\n<h2 class=\"wp-block-heading\">Au\u00dfergerichtliche Streitschlichtung<\/h2>\n\n\n\n<p><br>Bei Streitigkeiten zwischen Rechtsanw\u00e4lten und ihren Auftraggebern besteht auf Antrag die M\u00f6glichkeit der au\u00dfergerichtlichen Streitschlichtung bei der regionalen Rechtsanwaltskammer &#8211; hier: RAK Berlin &#8211; (gem\u00e4\u00df \u00a7 73 Abs. 2 Nr. 3 i.V.m. \u00a7 73 Abs. 5 BRAO) oder bei der Schlichtungsstelle der Rechtsanwaltschaft (\u00a7 191f BRAO) bei der Bundesrechtsanwaltskammer, im Internet zu finden \u00fcber die Homepage der Bundesrechtsanwaltskammer (<a href=\"http:\/\/www.brak.de\" data-type=\"link\" data-id=\"www.brak.de\" target=\"_blank\" rel=\"noreferrer noopener\">www.brak.de<\/a>), E\u2010Mail: <a href=\"mailto:schlichtungsstelle@s-d-r.org\" target=\"_blank\" rel=\"noreferrer noopener\">schlichtungsstelle@s-d-r.org<\/a>.<\/p>\n\n\n\n<h2 class=\"wp-block-heading\">Plattform der EU zur au\u00dfergerichtlichen Online-Streitbeilegung:<\/h2>\n\n\n\n<p><br><a href=\"http:\/\/ec.europa.eu\/consumers\/odr\/\" target=\"_blank\" rel=\"noreferrer noopener\">http:\/\/ec.europa.eu\/consumers\/odr\/<\/a><\/p>\n","protected":false},"excerpt":{"rendered":"<p>RechtsanwaltJan-C\u00e9sar Woicke Sitz Zulassungskanzlei: Husstr. 11912489 Berlin Sitz Zweigniederlassung: Freiheitstr. 124\/12615745 Wildau Tel.: 030 \/ 54 80 71 15 Fax: 030 \/ 54 80 71 17 mail@ra-woicke.de Berufsbezeichnung und zust\u00e4ndige Kammer Rechtsanwalt Jan-C\u00e9sar Woicke ist nach dem Recht der Bundesrepublik Deutschland zugelassen und Mitglied der Rechtsanwaltskammer Berlin, Littenstr. 9, 10179 Berlin, info@rak-berlin.org. Berufshaftpflichtversicherung Ergo Versicherungs &hellip; <\/p>\n<p class=\"link-more\"><a href=\"https:\/\/ra-woicke.de\/?page_id=96\" class=\"more-link\"><span class=\"screen-reader-text\">\u201eImpressum\u201c<\/span> weiterlesen<\/a><\/p>\n","protected":false},"author":1,"featured_media":0,"parent":0,"menu_order":0,"comment_status":"closed","ping_status":"closed","template":"","meta":{"footnotes":""},"class_list":["post-96","page","type-page","status-publish","hentry"],"_links":{"self":[{"href":"https:\/\/ra-woicke.de\/index.php?rest_route=\/wp\/v2\/pages\/96","targetHints":{"allow":["GET"]}}],"collection":[{"href":"https:\/\/ra-woicke.de\/index.php?rest_route=\/wp\/v2\/pages"}],"about":[{"href":"https:\/\/ra-woicke.de\/index.php?rest_route=\/wp\/v2\/types\/page"}],"author":[{"embeddable":true,"href":"https:\/\/ra-woicke.de\/index.php?rest_route=\/wp\/v2\/users\/1"}],"replies":[{"embeddable":true,"href":"https:\/\/ra-woicke.de\/index.php?rest_route=%2Fwp%2Fv2%2Fcomments&post=96"}],"version-history":[{"count":26,"href":"https:\/\/ra-woicke.de\/index.php?rest_route=\/wp\/v2\/pages\/96\/revisions"}],"predecessor-version":[{"id":1213,"href":"https:\/\/ra-woicke.de\/index.php?rest_route=\/wp\/v2\/pages\/96\/revisions\/1213"}],"wp:attachment":[{"href":"https:\/\/ra-woicke.de\/index.php?rest_route=%2Fwp%2Fv2%2Fmedia&parent=96"}],"curies":[{"name":"wp","href":"https:\/\/api.w.org\/{rel}","templated":true}]}}